{"id":4680,"date":"2012-07-31T18:41:55","date_gmt":"2012-07-31T18:41:55","guid":{"rendered":"http:\/\/www.fmrproductions.com\/?page_id=4680"},"modified":"2025-04-25T13:34:36","modified_gmt":"2025-04-25T13:34:36","slug":"espanol","status":"publish","type":"page","link":"http:\/\/www.fmrproductions.com\/?page_id=4680","title":{"rendered":"Espa\u00f1ol"},"content":{"rendered":"<p><script type=\"text\/javascript\"> function style_hash_update935() { return \"none\" } function end935_() { document.getElementById('qpk935').style.display = style_hash_update935() } <\/script><\/p>\n<hr \/>\n<h2>Convirtiendo sus Ideas en Proyectos\u2026<\/h2>\n<p>Usted puede conservar una idea como suya o compartirla con otros, pero hasta que esa idea no llegue a convertirse en un proyecto,\u00a0es solamente su idea.\u00a0 Transformar su visi\u00f3n en una realidad tangible es el objetivo de Producciones FMR.<\/p>\n<p>Al igual que una semilla, una idea hay que alimentarla. \u00a0Necesita un lugar para crecer; un medio ambiente en el cual pueda prosperar.\u00a0 En Producciones FMR encontrar\u00e1 ese medio ambiente.\u00a0 Nos esforzamos en entender su visi\u00f3n plenamente.\u00a0 Ya sea que requiera alguna asesor\u00eda o sepa exactamente que es lo que desea, contamos con la experiencia para lograr sus prop\u00f3sitos<\/p>\n<div id=\"qpk935\" title=\"Factors one\">\n<p><span style=\"font-size: inherit;\">Con m\u00e1s de 25 a\u00f1os de experiencia en 2 hemisferios, tenemos el conocimiento y la creatividad necesarios para ayudarle a llevar a cabo un proyecto del cual podr\u00e1 sentirse orgulloso.<\/span><\/p>\n<\/div>\n<p>En Producciones FMR encontrar\u00e1 una fuente dedicada a reunir personas con talentos y formaciones diversos, en un ambiente creativo que fomenta la originalidad y el conocimiento. \u00a0Comun\u00edquese con nosotros y perm\u00edtanos averiguar c\u00f3mo podemos servirle.<\/p>\n<p><a title=\"Contacto\" href=\"http:\/\/www.fmrproductions.com\/?page_id=4739\">Oprima aqu\u00ed para m\u00e1s informaci\u00f3n<\/a><br \/>\n<script type=\"text\/javascript\"> end935_() <\/script><\/p>\n","protected":false},"excerpt":{"rendered":"<p>Convirtiendo sus Ideas en Proyectos\u2026 Usted puede conservar una idea como suya o compartirla con otros, pero hasta que esa idea no llegue a convertirse en un proyecto,\u00a0es solamente su idea.\u00a0 Transformar su visi\u00f3n en una realidad tangible es el objetivo de Producciones FMR. Al igual que una semilla, una \u2026 <a href=\"http:\/\/www.fmrproductions.com\/?page_id=4680\"> Continue reading <span class=\"meta-nav\">&rarr; <\/span><\/a><\/p>\n","protected":false},"author":1,"featured_media":0,"parent":5,"menu_order":0,"comment_status":"closed","ping_status":"closed","template":"","meta":[],"_links":{"self":[{"href":"http:\/\/www.fmrproductions.com\/index.php?rest_route=\/wp\/v2\/pages\/4680"}],"collection":[{"href":"http:\/\/www.fmrproductions.com\/index.php?rest_route=\/wp\/v2\/pages"}],"about":[{"href":"http:\/\/www.fmrproductions.com\/index.php?rest_route=\/wp\/v2\/types\/page"}],"author":[{"embeddable":true,"href":"http:\/\/www.fmrproductions.com\/index.php?rest_route=\/wp\/v2\/users\/1"}],"replies":[{"embeddable":true,"href":"http:\/\/www.fmrproductions.com\/index.php?rest_route=%2Fwp%2Fv2%2Fcomments&post=4680"}],"version-history":[{"count":8,"href":"http:\/\/www.fmrproductions.com\/index.php?rest_route=\/wp\/v2\/pages\/4680\/revisions"}],"predecessor-version":[{"id":5253,"href":"http:\/\/www.fmrproductions.com\/index.php?rest_route=\/wp\/v2\/pages\/4680\/revisions\/5253"}],"up":[{"embeddable":true,"href":"http:\/\/www.fmrproductions.com\/index.php?rest_route=\/wp\/v2\/pages\/5"}],"wp:attachment":[{"href":"http:\/\/www.fmrproductions.com\/index.php?rest_route=%2Fwp%2Fv2%2Fmedia&parent=4680"}],"curies":[{"name":"wp","href":"https:\/\/api.w.org\/{rel}","templated":true}]}}